{"id":1804,"date":"2024-05-14T18:16:47","date_gmt":"2024-05-14T16:16:47","guid":{"rendered":"https:\/\/www.3gapps.de\/magazin\/?page_id=1804"},"modified":"2025-07-19T15:06:04","modified_gmt":"2025-07-19T13:06:04","slug":"impressum","status":"publish","type":"page","link":"https:\/\/www.3gapps.de\/magazin\/impressum","title":{"rendered":"Impressum"},"content":{"rendered":"<p>WakeUp Media OHG<br \/>\nMoselstr. 17<br \/>\n14612 Falkensee<\/p>\n<p>Handelsregister: Amtsgericht Potsdam, HRA 7929 P<\/p>\n<h2>Vertreten durch<\/h2>\n<p>Madeleine Gr\u00e4f, Stefan Keller, Michael Wamhof<\/p>\n<h2>Kontakt<\/h2>\n<p>Telefon: +49 3322 4264609<br \/>\nE-Mail: hallo [ \u00e4t ] wakeup-media [punkt] de<\/p>\n<h2>Umsatzsteuer<\/h2>\n<p>Umsatzsteuer-Identifikationsnummer:<br \/>\nDE293499302<\/p>\n<h2>Verantwortlich f\u00fcr den Inhalt<\/h2>\n<p>WakeUp Media OHG<br \/>\nStefan Keller<br \/>\nMoselstr. 17<br \/>\n14612 Falkensee<\/p>\n<h2>Redaktion Sparneuwagen<\/h2>\n<ul>\n<li>Sabine K\u00fcpper: Chefredakteur<\/li>\n<li>Matze Fenn: News-Redakteur<\/li>\n<li>Christian Lahl: Deal-Redakteur<\/li>\n<\/ul>\n<h2>Redaktionelle Zusammenarbeit<\/h2>\n<p>Wenn Sie mit uns auf redaktioneller Ebene zusammenarbeiten m\u00f6chten <strong>(KEINE Presseverteiler)<\/strong>, schreiben Sie an <a href=\"mailto:redaktion@wakeup-media.de\">redaktion@wakeup-media.de<\/a> und Frau Jessica Zimmermann wird sich gerne mit Ihnen in Verbindung setzen.<\/p>\n<h2>Juristische Betreuung<\/h2>\n<p>von BOETTICHER Rechtsanw\u00e4lte<br \/>\nPartnerschaftsgesellschaft mbB<br \/>\nOranienstr 164, D-10696 Berlin<\/p>\n<h2>Streitschlichtung<\/h2>\n<p>Wir sind nicht bereit oder verpflichtet, an Streitbeilegungsverfahren vor einer Verbraucherschlichtungsstelle teilzunehmen.<\/p>\n","protected":false},"excerpt":{"rendered":"<p>WakeUp Media OHG Moselstr. 17 14612 Falkensee Handelsregister: Amtsgericht Potsdam, HRA 7929 P Vertreten durch Madeleine Gr\u00e4f, Stefan Keller, Michael Wamhof Kontakt Telefon: +49 3322 4264609 E-Mail: hallo [ \u00e4t ] wakeup-media [punkt] de Umsatzsteuer Umsatzsteuer-Identifikationsnummer: DE293499302 Verantwortlich f\u00fcr den Inhalt WakeUp Media OHG Stefan Keller Moselstr. 17 14612 Falkensee Redaktion Sparneuwagen Sabine K\u00fcpper: Chefredakteur [&hellip;]<\/p>\n","protected":false},"author":1,"featured_media":0,"parent":0,"menu_order":0,"comment_status":"closed","ping_status":"closed","template":"","meta":{"ep_exclude_from_search":false,"footnotes":""},"class_list":["post-1804","page","type-page","status-publish","hentry"],"jetpack_shortlink":"https:\/\/wp.me\/P4Pci9-t6","jetpack_sharing_enabled":true,"_links":{"self":[{"href":"https:\/\/www.3gapps.de\/magazin\/wp-json\/wp\/v2\/pages\/1804","targetHints":{"allow":["GET"]}}],"collection":[{"href":"https:\/\/www.3gapps.de\/magazin\/wp-json\/wp\/v2\/pages"}],"about":[{"href":"https:\/\/www.3gapps.de\/magazin\/wp-json\/wp\/v2\/types\/page"}],"author":[{"embeddable":true,"href":"https:\/\/www.3gapps.de\/magazin\/wp-json\/wp\/v2\/users\/1"}],"replies":[{"embeddable":true,"href":"https:\/\/www.3gapps.de\/magazin\/wp-json\/wp\/v2\/comments?post=1804"}],"version-history":[{"count":4,"href":"https:\/\/www.3gapps.de\/magazin\/wp-json\/wp\/v2\/pages\/1804\/revisions"}],"predecessor-version":[{"id":1873,"href":"https:\/\/www.3gapps.de\/magazin\/wp-json\/wp\/v2\/pages\/1804\/revisions\/1873"}],"wp:attachment":[{"href":"https:\/\/www.3gapps.de\/magazin\/wp-json\/wp\/v2\/media?parent=1804"}],"curies":[{"name":"wp","href":"https:\/\/api.w.org\/{rel}","templated":true}]}}